{"id":512,"date":"2018-10-23T16:00:17","date_gmt":"2018-10-23T14:00:17","guid":{"rendered":"http:\/\/cavaliere-vom-barockgarten.de\/wordpress\/?page_id=512"},"modified":"2018-10-24T10:23:29","modified_gmt":"2018-10-24T08:23:29","slug":"markenschutz","status":"publish","type":"page","link":"https:\/\/cavaliere-vom-barockgarten.de\/wordpress\/markenschutz\/","title":{"rendered":"Markenschutz"},"content":{"rendered":"<p>Meine Marke &#8222;vom Barockgarten<sup>&reg;<\/sup>&#8220; \/ Markenschutz<br \/>\nAm 15.06.2018 habe ich den Namen<br \/>\n&#8222;vom Barockgarten<sup>&reg;<\/sup>&#8220; als gesch\u00fctzte Marke in der Bundesrepublik Deutschland angemeldet und er wurde am 05.07.2018 eingetragen. Der Name ist gesch\u00fctzt, egal in welcher Schreibweise, f\u00fcr alle Gebiete, die mit Hunden, Hundezucht und Tiererzeugnissen zu tun haben. So wie Werbung im Internet.<br \/>\n<div class=\"rl-gallery-container rl-loading\" id=\"rl-gallery-container-1\" data-gallery_id=\"515\"> <div class=\"rl-gallery rl-basicgrid-gallery \" id=\"rl-gallery-1\" data-gallery_no=\"1\"> <div class=\"rl-gallery-item\"><a href=\"https:\/\/cavaliere-vom-barockgarten.de\/wordpress\/wp-content\/uploads\/2018\/10\/marke-1.jpg\" title=\"\" data-rl_title=\"\" class=\"rl-gallery-link\" data-rl_caption=\"\" data-rel=\"lightbox-gallery-1\"><img decoding=\"async\" src=\"https:\/\/cavaliere-vom-barockgarten.de\/wordpress\/wp-content\/uploads\/2018\/10\/marke-1-150x150.jpg\" width=\"150\" height=\"150\" alt=\"\" \/><span class=\"rl-gallery-caption\"><span class=\"rl-gallery-item-title\">Seite 1<\/span><\/span><\/a><\/div><div class=\"rl-gallery-item\"><a href=\"https:\/\/cavaliere-vom-barockgarten.de\/wordpress\/wp-content\/uploads\/2018\/10\/marke-2.jpg\" title=\"\" data-rl_title=\"\" class=\"rl-gallery-link\" data-rl_caption=\"\" data-rel=\"lightbox-gallery-1\"><img decoding=\"async\" src=\"https:\/\/cavaliere-vom-barockgarten.de\/wordpress\/wp-content\/uploads\/2018\/10\/marke-2-150x150.jpg\" width=\"150\" height=\"150\" alt=\"\" \/><span class=\"rl-gallery-caption\"><span class=\"rl-gallery-item-title\">Seite 2<\/span><\/span><\/a><\/div><div class=\"rl-gallery-item\"><a href=\"https:\/\/cavaliere-vom-barockgarten.de\/wordpress\/wp-content\/uploads\/2018\/10\/marke-3.jpg\" title=\"\" data-rl_title=\"\" class=\"rl-gallery-link\" data-rl_caption=\"\" data-rel=\"lightbox-gallery-1\"><img decoding=\"async\" src=\"https:\/\/cavaliere-vom-barockgarten.de\/wordpress\/wp-content\/uploads\/2018\/10\/marke-3-150x150.jpg\" width=\"150\" height=\"150\" alt=\"\" \/><span class=\"rl-gallery-caption\"><span class=\"rl-gallery-item-title\">Seite 3<\/span><\/span><\/a><\/div><div class=\"rl-gallery-item\"><a href=\"https:\/\/cavaliere-vom-barockgarten.de\/wordpress\/wp-content\/uploads\/2018\/10\/marke-4.jpg\" title=\"\" data-rl_title=\"\" class=\"rl-gallery-link\" data-rl_caption=\"\" data-rel=\"lightbox-gallery-1\"><img loading=\"lazy\" decoding=\"async\" src=\"https:\/\/cavaliere-vom-barockgarten.de\/wordpress\/wp-content\/uploads\/2018\/10\/marke-4-150x150.jpg\" width=\"150\" height=\"150\" alt=\"\" \/><span class=\"rl-gallery-caption\"><span class=\"rl-gallery-item-title\">Seite 4<\/span><\/span><\/a><\/div> <\/div> <\/div><br \/>\nKlasse: 31-Tierzuchterzeugnisse; Hund.<br \/>\nKlasse: 35-Verkaufsf\u00f6rderung f\u00fcr Waren und Dienstleistungen von Dritten durch Werbung auf Internet-Seiten.<br \/>\nKlasse: 44-Tierzucht; Zuverf\u00fcgungstellen von Informationen in Bezug auf Tierzucht.<\/p>\n<p>Nr. der Marke: 30 2018 218 027<br \/>\nBei Benutzung meines Namens  &#8222;vom Barockgarten<sup>&reg;<\/sup>&#8220; (in den sozialen Medien, im Internet usw.) fragen Sie bitte vorher um Erlaubnis. Jede Zuwiderhandlung lasse ich anwaltlich verfolgen.<\/p>\n","protected":false},"excerpt":{"rendered":"<p>Meine Marke &#8222;vom Barockgarten&reg;&#8220; \/ Markenschutz Am 15.06.2018 habe ich den Namen &#8222;vom Barockgarten&reg;&#8220; als gesch\u00fctzte Marke in der Bundesrepublik Deutschland angemeldet und er wurde am 05.07.2018 eingetragen. Der Name ist gesch\u00fctzt, egal in welcher Schreibweise, f\u00fcr alle Gebiete, die mit Hunden, Hundezucht und Tiererzeugnissen zu tun haben. So wie Werbung im Internet. Klasse: 31-Tierzuchterzeugnisse; &hellip; <a href=\"https:\/\/cavaliere-vom-barockgarten.de\/wordpress\/markenschutz\/\" class=\"more-link\"><span class=\"screen-reader-text\">\u201eMarkenschutz\u201c<\/span> weiterlesen<\/a><\/p>\n","protected":false},"author":1,"featured_media":0,"parent":0,"menu_order":0,"comment_status":"closed","ping_status":"closed","template":"","meta":{"footnotes":""},"class_list":["post-512","page","type-page","status-publish","hentry"],"_links":{"self":[{"href":"https:\/\/cavaliere-vom-barockgarten.de\/wordpress\/wp-json\/wp\/v2\/pages\/512","targetHints":{"allow":["GET"]}}],"collection":[{"href":"https:\/\/cavaliere-vom-barockgarten.de\/wordpress\/wp-json\/wp\/v2\/pages"}],"about":[{"href":"https:\/\/cavaliere-vom-barockgarten.de\/wordpress\/wp-json\/wp\/v2\/types\/page"}],"author":[{"embeddable":true,"href":"https:\/\/cavaliere-vom-barockgarten.de\/wordpress\/wp-json\/wp\/v2\/users\/1"}],"replies":[{"embeddable":true,"href":"https:\/\/cavaliere-vom-barockgarten.de\/wordpress\/wp-json\/wp\/v2\/comments?post=512"}],"version-history":[{"count":6,"href":"https:\/\/cavaliere-vom-barockgarten.de\/wordpress\/wp-json\/wp\/v2\/pages\/512\/revisions"}],"predecessor-version":[{"id":534,"href":"https:\/\/cavaliere-vom-barockgarten.de\/wordpress\/wp-json\/wp\/v2\/pages\/512\/revisions\/534"}],"wp:attachment":[{"href":"https:\/\/cavaliere-vom-barockgarten.de\/wordpress\/wp-json\/wp\/v2\/media?parent=512"}],"curies":[{"name":"wp","href":"https:\/\/api.w.org\/{rel}","templated":true}]}}